{"id":73,"date":"2022-02-23T08:47:27","date_gmt":"2022-02-23T07:47:27","guid":{"rendered":"http:\/\/pedagogy-conference.eu\/?page_id=73"},"modified":"2026-03-26T11:27:53","modified_gmt":"2026-03-26T10:27:53","slug":"for-authors","status":"publish","type":"page","link":"https:\/\/pedagogy-conference.eu\/?page_id=73","title":{"rendered":"For authors"},"content":{"rendered":"\n<h1 class=\"wp-block-heading\">Official language of the conference: English<\/h1>\n\n\n\n<h1 class=\"wp-block-heading\">&nbsp;<strong>Venue: <\/strong>Faculty of Education for Children and Special Educational Needs of the University of Debrecen; Hajd\u00fab\u00f6sz\u00f6rm\u00e9ny, Hungary (on-site)<\/h1>\n\n\n\n<h1 class=\"wp-block-heading\">&nbsp;Applicants will be informed about abstracts by 4 May. All the accepted abstracts will be published in an abstracts book with an ISBN number.<\/h1>\n\n\n\n<h1 class=\"wp-block-heading\">&nbsp;Publishing conference papers<\/h1>\n\n\n\n<p>Conference papers can be published in<\/p>\n\n\n\n<ul class=\"wp-block-list\">\n<li>K\u00fcl\u00f6nleges B\u00e1n\u00e1sm\u00f3d [Special Treatment] which is an online, interdisciplinary Open Access journal run by the University of Debrecen, Hungary. Every paper published in K\u00fcl\u00f6nleges B\u00e1n\u00e1sm\u00f3d has its DOI number (Digital Object Identifier). K\u00fcl\u00f6nleges B\u00e1n\u00e1sm\u00f3d [Special Treatment] is in the process of being involved in Scopus Content Selection. (more info: <a href=\"https:\/\/ojs.lib.unideb.hu\/kulonlegesbanasmod\">https:\/\/ojs.lib.unideb.hu\/kulonlegesbanasmod<\/a>). Participants will be informed about publishing papers later.<\/li>\n\n\n\n<li>Studia Socialia Cracoviensia is a scientific journal published by the Faculty of Social Sciences of the Pontifical University of John Paul II in Krakow since 2009. The journal\u2019s aim is to provide an interdisciplinary approach to important social issues in which education plays a particularly significant role (more info: <a href=\"https:\/\/czasopisma.upjp2.edu.pl\/studiasocialiacracoviensia\/about\">https:\/\/czasopisma.upjp2.edu.pl\/studiasocialiacracoviensia\/about<\/a>). Participants will be informed about publishing papers later<\/li>\n<\/ul>\n\n\n\n<p><\/p>\n\n\n\n<p><strong>Official language of the conference: English<\/strong><\/p>\n\n\n\n<h1 class=\"wp-block-heading\">Fee: Participation in the conference is 50 EUR. Lunch is not included, participants can have lunch in the canteen of the Faculty or in nearby restaurants.<\/h1>\n\n\n\n<h1 class=\"wp-block-heading\">&nbsp;<\/h1>\n\n\n\n<h1 class=\"wp-block-heading\">Website:<\/h1>\n\n\n\n<h1 class=\"wp-block-heading\"><a href=\"https:\/\/pedagogy-conference.eu\/\" target=\"_blank\" rel=\"noreferrer noopener\">https:\/\/pedagogy-conference.eu<\/a><\/h1>\n\n\n\n<p><strong>Contact<\/strong>: <a href=\"mailto:nemesm@ped.unideb.hu\">nemesm@ped.unideb.hu<\/a><\/p>\n\n\n\n<p><\/p>\n","protected":false},"excerpt":{"rendered":"<p>Official language of the conference: English &nbsp;Venue: Faculty of Education for Children and Special Educational Needs of the University of Debrecen; Hajd\u00fab\u00f6sz\u00f6rm\u00e9ny, Hungary (on-site) &nbsp;Applicants will be informed about abstracts by 4 May. All the accepted abstracts will be published &hellip; <a href=\"https:\/\/pedagogy-conference.eu\/?page_id=73\">Czytaj dalej <span class=\"meta-nav\">&rarr;<\/span><\/a><\/p>\n","protected":false},"author":1,"featured_media":0,"parent":0,"menu_order":0,"comment_status":"closed","ping_status":"closed","template":"","meta":{"footnotes":""},"class_list":["post-73","page","type-page","status-publish","hentry"],"_links":{"self":[{"href":"https:\/\/pedagogy-conference.eu\/index.php?rest_route=\/wp\/v2\/pages\/73","targetHints":{"allow":["GET"]}}],"collection":[{"href":"https:\/\/pedagogy-conference.eu\/index.php?rest_route=\/wp\/v2\/pages"}],"about":[{"href":"https:\/\/pedagogy-conference.eu\/index.php?rest_route=\/wp\/v2\/types\/page"}],"author":[{"embeddable":true,"href":"https:\/\/pedagogy-conference.eu\/index.php?rest_route=\/wp\/v2\/users\/1"}],"replies":[{"embeddable":true,"href":"https:\/\/pedagogy-conference.eu\/index.php?rest_route=%2Fwp%2Fv2%2Fcomments&post=73"}],"version-history":[{"count":19,"href":"https:\/\/pedagogy-conference.eu\/index.php?rest_route=\/wp\/v2\/pages\/73\/revisions"}],"predecessor-version":[{"id":590,"href":"https:\/\/pedagogy-conference.eu\/index.php?rest_route=\/wp\/v2\/pages\/73\/revisions\/590"}],"wp:attachment":[{"href":"https:\/\/pedagogy-conference.eu\/index.php?rest_route=%2Fwp%2Fv2%2Fmedia&parent=73"}],"curies":[{"name":"wp","href":"https:\/\/api.w.org\/{rel}","templated":true}]}}