{"id":74,"date":"2022-02-23T08:47:27","date_gmt":"2022-02-23T07:47:27","guid":{"rendered":"http:\/\/pedagogy-conference.eu\/?page_id=74"},"modified":"2026-03-30T08:59:40","modified_gmt":"2026-03-30T06:59:40","slug":"about-us","status":"publish","type":"page","link":"https:\/\/pedagogy-conference.eu\/","title":{"rendered":"Home"},"content":{"rendered":"\n<p><\/p>\n\n\n\n<figure class=\"wp-block-gallery has-nested-images columns-default is-cropped wp-block-gallery-1 is-layout-flex wp-block-gallery-is-layout-flex\"><\/figure>\n\n\n\n<p class=\"has-text-align-center\"><strong>VI. International Conference on the Family and Education<br><\/strong><a><strong>\u201cEDUCATION IN THE FAMILY \u2013 FAMILY IN EDUCATION\u201d<\/strong><\/a><\/p>\n\n\n\n<p class=\"has-text-align-center\"><strong>21 th May 2026<\/strong><\/p>\n\n\n\n<p class=\"has-text-align-center\"><strong><em>Hajd\u00fab\u00f6sz\u00f6rm\u00e9ny<\/em><\/strong> <strong><em>(Hungary)<\/em><\/strong><\/p>\n\n\n\n<p class=\"has-text-align-center\">We invite researchers, academic teachers, PhD students and people working with families to register for the conference. If you would like to attend the conference as a listener and receive a certificate, please fill out the registration form available below.<\/p>\n\n\n\n<p><strong>Main topics:<\/strong><\/p>\n\n\n\n<p><strong>Deadline for registration and abstract submission:<\/strong><\/p>\n\n\n\n<p><strong>26 April 2026<\/strong><\/p>\n\n\n\n<h3 class=\"wp-block-heading\">The conference is organized on-site. The location of the conference is held at the Faculty of Education for Children and Special Educational Needs of the University of Debrecen (Hungary).<\/h3>\n\n\n\n<p>We are pleased to invite you to attend the conference devoted to family and education. Despite numerous crises which have been affecting the family, it still remains the basic educational environment. As a social group, it is also part of the national educational system which has been undergoing dynamic changes. This dependence shows considerable educational potential which may offer children, teenagers, adults and the oldest family members opportunities for development. We are aware of deficiencies and obstacles in the process of education in the family. We notice great needs in the social dimension of education. Therefore, it is crucially important to organize academic meetings and have discussions on the issue.<\/p>\n\n\n\n<p><strong>1. Education in the family<\/strong><\/p>\n\n\n\n<p><strong>2. Family in the educational system<\/strong><\/p>\n\n\n\n<p><strong>3. Social aspects of education<\/strong><\/p>\n\n\n\n<p><strong>4. Education for ethnic minorities<\/strong><\/p>\n\n\n\n<p><strong>5. Student session<\/strong><\/p>\n\n\n\n<p class=\"has-text-align-center\"><\/p>\n\n\n\n<div class=\"wp-block-group\"><div class=\"wp-block-group__inner-container is-layout-constrained wp-block-group-is-layout-constrained\"><div class=\"wp-block-image\">\n<figure class=\"aligncenter size-full is-resized\"><img loading=\"lazy\" decoding=\"async\" width=\"512\" height=\"512\" src=\"https:\/\/pedagogy-conference.eu\/wp-content\/uploads\/2024\/03\/obraz_2024-03-21_154717984.png\" alt=\"\" class=\"wp-image-349\" style=\"width:180px;height:auto\" srcset=\"https:\/\/pedagogy-conference.eu\/wp-content\/uploads\/2024\/03\/obraz_2024-03-21_154717984.png 512w, https:\/\/pedagogy-conference.eu\/wp-content\/uploads\/2024\/03\/obraz_2024-03-21_154717984-300x300.png 300w, https:\/\/pedagogy-conference.eu\/wp-content\/uploads\/2024\/03\/obraz_2024-03-21_154717984-150x150.png 150w\" sizes=\"auto, (max-width: 512px) 100vw, 512px\" \/><\/figure><\/div>\n\n\n<p class=\"has-text-align-center\">Faculty of Education for Children and Special Educational Needs<\/p>\n\n\n\n<p class=\"has-text-align-center\">Address: <br>4220 Hajd\u00fab\u00f6sz\u00f6rm\u00e9ny, D\u00e9s\u00e1ny Istv\u00e1n utca 1-9.<\/p>\n\n\n\n<p class=\"has-text-align-center\">Website:<br><a href=\"https:\/\/www.unizd.hr\/eng\/\">https:\/\/edu.unideb.hu\/index.php<\/a><\/p>\n\n\n\n<p class=\"has-text-align-center\"><a href=\"https:\/\/edu.unideb.hu\/p\/faculty-of-child-and-adult-education\">https:\/\/edu.unideb.hu\/p\/faculty-of-child-and-adult-education<\/a><\/p>\n\n\n\n<p class=\"has-text-align-center\"><\/p>\n\n\n<div class=\"wp-block-image\">\n<figure class=\"aligncenter size-full\"><img loading=\"lazy\" decoding=\"async\" width=\"242\" height=\"70\" src=\"https:\/\/pedagogy-conference.eu\/wp-content\/uploads\/2026\/03\/image.png\" alt=\"\" class=\"wp-image-576\"\/><\/figure><\/div>\n\n\n<p class=\"has-text-align-center\"><\/p>\n<\/div><\/div>\n\n\n\n<p class=\"has-text-align-center\">The Pontifical University of John Paul II in Krakow<br>Uniwersytet Papieski Jana Paw\u0142a&nbsp;II w Krakowie<\/p>\n\n\n\n<p class=\"has-text-align-center\">Address:<br>Kanonicza Street 25, 31-002 Krak\u00f3w, Poland<\/p>\n\n\n\n<p class=\"has-text-align-center\">Website:<br><a href=\"http:\/\/www.upjp2.edu.pl\/\">www.upjp2.edu.pl<\/a><\/p>\n\n\n<div class=\"wp-block-image\">\n<figure class=\"aligncenter size-full is-resized\"><img loading=\"lazy\" decoding=\"async\" width=\"614\" height=\"278\" src=\"http:\/\/pedagogy-conference.eu\/wp-content\/uploads\/2024\/03\/obraz_2024-03-16_101000148.png\" alt=\"\" class=\"wp-image-331\" style=\"width:250px;height:auto\" srcset=\"https:\/\/pedagogy-conference.eu\/wp-content\/uploads\/2024\/03\/obraz_2024-03-16_101000148.png 614w, https:\/\/pedagogy-conference.eu\/wp-content\/uploads\/2024\/03\/obraz_2024-03-16_101000148-300x136.png 300w, https:\/\/pedagogy-conference.eu\/wp-content\/uploads\/2024\/03\/obraz_2024-03-16_101000148-500x226.png 500w\" sizes=\"auto, (max-width: 614px) 100vw, 614px\" \/><\/figure><\/div>\n\n\n<p class=\"has-text-align-center\">Sveu\u010dili\u0161te u Zadru<\/p>\n\n\n\n<p class=\"has-text-align-center\">Adress: <br>Ulica Mihovila Pavlinovi\u0107a 1<\/p>\n\n\n\n<p class=\"has-text-align-center\"><\/p>\n","protected":false},"excerpt":{"rendered":"<p>VI. International Conference on the Family and Education\u201cEDUCATION IN THE FAMILY \u2013 FAMILY IN EDUCATION\u201d 21 th May 2026 Hajd\u00fab\u00f6sz\u00f6rm\u00e9ny (Hungary) We invite researchers, academic teachers, PhD students and people working with families to register for the conference. If you &hellip; <a href=\"https:\/\/pedagogy-conference.eu\/\">Czytaj dalej <span class=\"meta-nav\">&rarr;<\/span><\/a><\/p>\n","protected":false},"author":1,"featured_media":0,"parent":0,"menu_order":0,"comment_status":"closed","ping_status":"closed","template":"","meta":{"footnotes":""},"class_list":["post-74","page","type-page","status-publish","hentry"],"_links":{"self":[{"href":"https:\/\/pedagogy-conference.eu\/index.php?rest_route=\/wp\/v2\/pages\/74","targetHints":{"allow":["GET"]}}],"collection":[{"href":"https:\/\/pedagogy-conference.eu\/index.php?rest_route=\/wp\/v2\/pages"}],"about":[{"href":"https:\/\/pedagogy-conference.eu\/index.php?rest_route=\/wp\/v2\/types\/page"}],"author":[{"embeddable":true,"href":"https:\/\/pedagogy-conference.eu\/index.php?rest_route=\/wp\/v2\/users\/1"}],"replies":[{"embeddable":true,"href":"https:\/\/pedagogy-conference.eu\/index.php?rest_route=%2Fwp%2Fv2%2Fcomments&post=74"}],"version-history":[{"count":41,"href":"https:\/\/pedagogy-conference.eu\/index.php?rest_route=\/wp\/v2\/pages\/74\/revisions"}],"predecessor-version":[{"id":592,"href":"https:\/\/pedagogy-conference.eu\/index.php?rest_route=\/wp\/v2\/pages\/74\/revisions\/592"}],"wp:attachment":[{"href":"https:\/\/pedagogy-conference.eu\/index.php?rest_route=%2Fwp%2Fv2%2Fmedia&parent=74"}],"curies":[{"name":"wp","href":"https:\/\/api.w.org\/{rel}","templated":true}]}}