{"id":76,"date":"2022-02-23T08:47:27","date_gmt":"2022-02-23T07:47:27","guid":{"rendered":"http:\/\/pedagogy-conference.eu\/?page_id=76"},"modified":"2026-03-26T11:27:07","modified_gmt":"2026-03-26T10:27:07","slug":"comittee","status":"publish","type":"page","link":"https:\/\/pedagogy-conference.eu\/?page_id=76","title":{"rendered":"Comittee"},"content":{"rendered":"\n<p>Conference Committee<br>Committee chairs:<br>Gortka-R\u00e1k\u00f3 Erzs\u00e9bet, Associate Professor at University of Debrecen, Hungary<br>Godawa Grzegorz, Associate Professor at Pontifical University of John Paul II in<br>Krakow, Poland<br>Arkadiusz Krasicki, Associate Professor at University of Zadar, Croatia<\/p>\n\n\n\n<p>Scientific committee:<br>Bocsi Veronika, Associate Professor at the University of Debrecen<br>Gal\u00e1n Anita, Associate Professor at University of Debrecen<br>Magdalena Ocho\u0144ska, Associate Professor at Pontifical University of John Paul II in Krakow<\/p>\n\n\n\n<p>Organizing committee:<br>Nemes Magdolna, Associate Professor at University of Debrecen<br>Natalia Twardosz, Assistant Professor at Pontifical University of John Paul II in Krakow<\/p>\n\n\n\n<p><\/p>\n","protected":false},"excerpt":{"rendered":"<p>Conference CommitteeCommittee chairs:Gortka-R\u00e1k\u00f3 Erzs\u00e9bet, Associate Professor at University of Debrecen, HungaryGodawa Grzegorz, Associate Professor at Pontifical University of John Paul II inKrakow, PolandArkadiusz Krasicki, Associate Professor at University of Zadar, Croatia Scientific committee:Bocsi Veronika, Associate Professor at the University of &hellip; <a href=\"https:\/\/pedagogy-conference.eu\/?page_id=76\">Czytaj dalej <span class=\"meta-nav\">&rarr;<\/span><\/a><\/p>\n","protected":false},"author":1,"featured_media":0,"parent":0,"menu_order":0,"comment_status":"closed","ping_status":"closed","template":"","meta":{"footnotes":""},"class_list":["post-76","page","type-page","status-publish","hentry"],"_links":{"self":[{"href":"https:\/\/pedagogy-conference.eu\/index.php?rest_route=\/wp\/v2\/pages\/76","targetHints":{"allow":["GET"]}}],"collection":[{"href":"https:\/\/pedagogy-conference.eu\/index.php?rest_route=\/wp\/v2\/pages"}],"about":[{"href":"https:\/\/pedagogy-conference.eu\/index.php?rest_route=\/wp\/v2\/types\/page"}],"author":[{"embeddable":true,"href":"https:\/\/pedagogy-conference.eu\/index.php?rest_route=\/wp\/v2\/users\/1"}],"replies":[{"embeddable":true,"href":"https:\/\/pedagogy-conference.eu\/index.php?rest_route=%2Fwp%2Fv2%2Fcomments&post=76"}],"version-history":[{"count":28,"href":"https:\/\/pedagogy-conference.eu\/index.php?rest_route=\/wp\/v2\/pages\/76\/revisions"}],"predecessor-version":[{"id":589,"href":"https:\/\/pedagogy-conference.eu\/index.php?rest_route=\/wp\/v2\/pages\/76\/revisions\/589"}],"wp:attachment":[{"href":"https:\/\/pedagogy-conference.eu\/index.php?rest_route=%2Fwp%2Fv2%2Fmedia&parent=76"}],"curies":[{"name":"wp","href":"https:\/\/api.w.org\/{rel}","templated":true}]}}